{"id":3435,"date":"2025-02-10T11:59:01","date_gmt":"2025-02-10T16:59:01","guid":{"rendered":"https:\/\/vonbilaw.com\/richtlinien-fuer-die-rekrutierung\/"},"modified":"2025-02-12T11:31:54","modified_gmt":"2025-02-12T16:31:54","slug":"richtlinien-fuer-die-rekrutierung","status":"publish","type":"page","link":"https:\/\/vonbilaw.com\/de\/richtlinien-fuer-die-rekrutierung\/","title":{"rendered":"Richtlinien f\u00fcr die Rekrutierung"},"content":{"rendered":"\t\t<div data-elementor-type=\"wp-page\" data-elementor-id=\"3435\" class=\"elementor elementor-3435 elementor-3418\" data-elementor-post-type=\"page\">\n\t\t\t\t<div class=\"elementor-element elementor-element-1c8bede7 e-flex e-con-boxed e-con e-parent\" data-id=\"1c8bede7\" data-element_type=\"container\" data-e-type=\"container\" data-settings=\"{&quot;background_background&quot;:&quot;classic&quot;}\">\n\t\t\t\t\t<div class=\"e-con-inner\">\n\t\t<div class=\"elementor-element elementor-element-2533427 e-con-full e-flex e-con e-child\" data-id=\"2533427\" data-element_type=\"container\" data-e-type=\"container\">\n\t\t\t\t<div class=\"elementor-element elementor-element-129dde85 elementor-widget__width-initial elementor-widget-divider--view-line elementor-widget elementor-widget-divider\" data-id=\"129dde85\" data-element_type=\"widget\" data-e-type=\"widget\" data-widget_type=\"divider.default\">\n\t\t\t\t<div class=\"elementor-widget-container\">\n\t\t\t\t\t\t\t<div class=\"elementor-divider\">\n\t\t\t<span class=\"elementor-divider-separator\">\n\t\t\t\t\t\t<\/span>\n\t\t<\/div>\n\t\t\t\t\t\t<\/div>\n\t\t\t\t<\/div>\n\t\t\t\t<div class=\"elementor-element elementor-element-35ebb00c elementor-widget elementor-widget-text-editor\" data-id=\"35ebb00c\" data-element_type=\"widget\" data-e-type=\"widget\" data-widget_type=\"text-editor.default\">\n\t\t\t\t<div class=\"elementor-widget-container\">\n\t\t\t\t\t\t\t\t\t<p>Richtlinien f\u00fcr die Rekrutierung<\/p>\n\t\t\t\t\t\t\t\t<\/div>\n\t\t\t\t<\/div>\n\t\t\t\t<\/div>\n\t\t\t\t\t<\/div>\n\t\t\t\t<\/div>\n\t\t<div class=\"elementor-element elementor-element-3efd4ad6 e-flex e-con-boxed e-con e-parent\" data-id=\"3efd4ad6\" data-element_type=\"container\" data-e-type=\"container\">\n\t\t\t\t\t<div class=\"e-con-inner\">\n\t\t\t\t<div class=\"elementor-element elementor-element-f7c17e4 elementor-widget elementor-widget-text-editor\" data-id=\"f7c17e4\" data-element_type=\"widget\" data-e-type=\"widget\" data-widget_type=\"text-editor.default\">\n\t\t\t\t<div class=\"elementor-widget-container\">\n\t\t\t\t\t\t\t\t\t<p><span style=\"font-weight: 400;\">Allgemeine Bedingungen f\u00fcr unsere juristischen DienstleistungenCondiciones Generales para nuestros Servicios Legales<\/span><\/p>\n\t\t\t\t\t\t\t\t<\/div>\n\t\t\t\t<\/div>\n\t\t\t\t<div class=\"elementor-element elementor-element-37b2e019 elementor-widget elementor-widget-text-editor\" data-id=\"37b2e019\" data-element_type=\"widget\" data-e-type=\"widget\" data-widget_type=\"text-editor.default\">\n\t\t\t\t<div class=\"elementor-widget-container\">\n\t\t\t\t\t\t\t\t\t<p><span style=\"font-weight: 400;\">Von Bila, de la Pava, Bertoletti SAS ist eine kolumbianische Anwaltskanzlei, die 1999 zun\u00e4chst als Gesellschaft mit beschr\u00e4nkter Haftung gegr\u00fcndet und sp\u00e4ter in eine Aktiengesellschaft umgewandelt wurde und ihren Hauptsitz in Bogot\u00e1, Kolumbien hat. Die Kanzlei, ihre Anw\u00e4lte und ihr Management handeln stets nach den h\u00f6chsten ethischen Grunds\u00e4tzen, der Qualit\u00e4t und den besten Dienstleistungen. Die Beziehungen zu ihren Mandanten und Dritten basieren auf diesen Allgemeinen Gesch\u00e4ftsbedingungen, die gelten, wenn der Mandant oder der Dritte nicht widerspricht, und in keinem Fall f\u00fchren diese Allgemeinen Gesch\u00e4ftsbedingungen zu einer missbr\u00e4uchlichen Situation. <\/span><\/p>\n\t\t\t\t\t\t\t\t<\/div>\n\t\t\t\t<\/div>\n\t\t\t\t<div class=\"elementor-element elementor-element-28227f6 elementor-widget elementor-widget-text-editor\" data-id=\"28227f6\" data-element_type=\"widget\" data-e-type=\"widget\" data-widget_type=\"text-editor.default\">\n\t\t\t\t<div class=\"elementor-widget-container\">\n\t\t\t\t\t\t\t\t\t<p><strong>1. <b>DIENSTLEISTUNGEN<\/b><b>:<\/b><\/strong><\/p>\n\t\t\t\t\t\t\t\t<\/div>\n\t\t\t\t<\/div>\n\t\t\t\t<div class=\"elementor-element elementor-element-e9ecd95 elementor-widget elementor-widget-text-editor\" data-id=\"e9ecd95\" data-element_type=\"widget\" data-e-type=\"widget\" data-widget_type=\"text-editor.default\">\n\t\t\t\t<div class=\"elementor-widget-container\">\n\t\t\t\t\t\t\t\t\t<p><span style=\"font-weight: 400;\">Die Dienstleistungen, die wir Ihnen im Zusammenhang mit einer bestimmten Angelegenheit anbieten, werden zu Beginn der Angelegenheit vereinbart und k\u00f6nnen von Zeit zu Zeit im gegenseitigen Einvernehmen variieren.<\/span><\/p>\n<p><span style=\"font-weight: 400;\"> Die von uns erbrachten Dienstleistungen kommen der Partei zugute, f\u00fcr die diese Bedingungen gelten, und sind in der beigef\u00fcgten Korrespondenz angegeben. Sofern wir nicht schriftlich etwas anderes vereinbaren, ist keine andere Partei berechtigt, eine der Bestimmungen dieses Vertrages durchzusetzen. <\/span><\/p>\n\t\t\t\t\t\t\t\t<\/div>\n\t\t\t\t<\/div>\n\t\t\t\t<div class=\"elementor-element elementor-element-8b683c3 elementor-widget elementor-widget-text-editor\" data-id=\"8b683c3\" data-element_type=\"widget\" data-e-type=\"widget\" data-widget_type=\"text-editor.default\">\n\t\t\t\t<div class=\"elementor-widget-container\">\n\t\t\t\t\t\t\t\t\t<p><strong><b>2. TEAM:<\/b><\/strong><\/p>\n\t\t\t\t\t\t\t\t<\/div>\n\t\t\t\t<\/div>\n\t\t\t\t<div class=\"elementor-element elementor-element-c21ae1d elementor-widget elementor-widget-text-editor\" data-id=\"c21ae1d\" data-element_type=\"widget\" data-e-type=\"widget\" data-widget_type=\"text-editor.default\">\n\t\t\t\t<div class=\"elementor-widget-container\">\n\t\t\t\t\t\t\t\t\t<p data-pm-slice=\"1 1 []\"><span style=\"font-weight: 400;\">Das Team von Rechtsanw\u00e4lten und\/oder Verwaltungs- und Rechtsgehilfen, das in unserer Kanzlei mit der Bearbeitung von Angelegenheiten betraut ist, wird in jedem Nachtrag zu unseren Rechnungen f\u00fcr jeden einzelnen Fall angegeben, wobei der\/die Rechtsanwalt(e) oder die geeignete(n) Person(en) f\u00fcr die Bearbeitung zust\u00e4ndig sein werden.<\/span><\/p>\n\t\t\t\t\t\t\t\t<\/div>\n\t\t\t\t<\/div>\n\t\t\t\t<div class=\"elementor-element elementor-element-7e3896f elementor-widget elementor-widget-text-editor\" data-id=\"7e3896f\" data-element_type=\"widget\" data-e-type=\"widget\" data-widget_type=\"text-editor.default\">\n\t\t\t\t<div class=\"elementor-widget-container\">\n\t\t\t\t\t\t\t\t\t<p><strong><b>3. GRUNDLAGE F\u00dcR UNSERE HONORARE:<\/b><\/strong><\/p>\n\t\t\t\t\t\t\t\t<\/div>\n\t\t\t\t<\/div>\n\t\t\t\t<div class=\"elementor-element elementor-element-d8f9bbe elementor-widget elementor-widget-text-editor\" data-id=\"d8f9bbe\" data-element_type=\"widget\" data-e-type=\"widget\" data-widget_type=\"text-editor.default\">\n\t\t\t\t<div class=\"elementor-widget-container\">\n\t\t\t\t\t\t\t\t\t<p><span style=\"font-weight: 400;\">Sofern wir nicht ein festes Honorar f\u00fcr eine bestimmte Angelegenheit vereinbaren, berechnen wir unsere professionellen Dienstleistungen auf Zeitbasis. Die Stundens\u00e4tze unserer Anw\u00e4lte liegen zwischen $125 und $280, je nach Dienstalter (Erfahrung) und Position. Die Stundens\u00e4tze der f\u00fcr Sie t\u00e4tigen Anw\u00e4lte werden Ihnen auf Anfrage mitgeteilt. Die Stundens\u00e4tze werden \u00fcberpr\u00fcft und k\u00f6nnen in regelm\u00e4\u00dfigen Abst\u00e4nden angepasst werden. Auf Anfrage teilen wir Ihnen gerne eine allgemeine Sch\u00e4tzung mit, wie viele Stunden wir f\u00fcr die Bearbeitung einer bestimmten Angelegenheit ben\u00f6tigen.    <\/span><\/p>\n<\/p>\n<p><span style=\"font-weight: 400;\"> Auslagen, die wir in Ihrem Auftrag t\u00e4tigen, wie z. B. Kurierdienste, Massenkopien, internationale Telefongespr\u00e4che und Zahlungen an zust\u00e4ndige Stellen wie die Handelskammer, den Supernotar und Notariate, werden nach Aufwand in Rechnung gestellt. Auch die von uns angefertigten \u00dcbersetzungen werden zum normalen kolumbianischen Tarif pro Seite berechnet. <\/span><\/p>\n<\/p>\n<p><span style=\"font-weight: 400;\">F\u00fcr Kunden aus dem Ausland wird eine monatliche Pauschalgeb\u00fchr von bis zu 25 USD erhoben, um einen Teil der Bankgeb\u00fchren zu decken, die bei der \u00dcberweisung von Geldern nach Kolumbien anfallen. Diese Geb\u00fchr stellt nicht die vollen Kosten dar, die bei internationalen \u00dcberweisungen anfallen. <\/span><\/p>\n\t\t\t\t\t\t\t\t<\/div>\n\t\t\t\t<\/div>\n\t\t\t\t<div class=\"elementor-element elementor-element-8b93bf2 elementor-widget elementor-widget-text-editor\" data-id=\"8b93bf2\" data-element_type=\"widget\" data-e-type=\"widget\" data-widget_type=\"text-editor.default\">\n\t\t\t\t<div class=\"elementor-widget-container\">\n\t\t\t\t\t\t\t\t\t<p><strong>4. BEGLEICHUNG UNSERER RECHNUNGEN<b>:<\/b><\/strong><\/p>\n\t\t\t\t\t\t\t\t<\/div>\n\t\t\t\t<\/div>\n\t\t\t\t<div class=\"elementor-element elementor-element-fc6e9b1 elementor-widget elementor-widget-text-editor\" data-id=\"fc6e9b1\" data-element_type=\"widget\" data-e-type=\"widget\" data-widget_type=\"text-editor.default\">\n\t\t\t\t<div class=\"elementor-widget-container\">\n\t\t\t\t\t\t\t\t\t<p><span style=\"font-weight: 400;\">Sofern nicht ausdr\u00fccklich anders vereinbart: Wir stellen Ihnen monatlich eine Rechnung f\u00fcr den laufenden Monat aus. Wenn Sie Fragen zu einer Rechnung haben, wenden Sie sich bitte innerhalb von 2 Wochen nach Erhalt der Rechnung an unsere Finanz- und Verwaltungsabteilung (comptroller@vonbilaw.com) oder an den zust\u00e4ndigen Partner oder Senioranwalt. Alle Rechnungen werden in kolumbianischen Pesos, US Dollar oder Euro ausgestellt. Unsere Bankverbindung wird auf den monatlichen Rechnungen angegeben.   <\/p>\n<p><\/span><\/p>\n<p><span style=\"font-weight: 400;\"> Unsere Rechnungen sind sofort nach Rechnungsdatum zahlbar. Wenn ein Teil der Rechnung strittig ist oder ge\u00e4ndert werden muss, ist der Rest der Rechnung bei F\u00e4lligkeit zu zahlen. <\/p>\n<p><\/span><\/p>\n<p><span style=\"font-weight: 400;\">Wenn ein uns geschuldeter Betrag mehr als 30 Tage nach Ausstellung der entsprechenden Rechnung unbezahlt bleibt, k\u00f6nnen wir (vorbehaltlich der jeweils geltenden Gesetze und Vorschriften)<\/p>\n<p><\/span><\/p>\n<ul>\n<li style=\"font-weight: 400;\" aria-level=\"1\"><span style=\"font-weight: 400;\">Ihr Kundenkonto mit den Kosten belasten, die uns bei der Einziehung der ausstehenden Betr\u00e4ge entstehen;<\/span><\/li>\n<li style=\"font-weight: 400;\" aria-level=\"1\"><span style=\"font-weight: 400;\">Ihr Kundenkonto mit Zinsen zum h\u00f6chsten in Kolumbien zul\u00e4ssigen Zinssatz belasten;<\/span><\/li>\n<li style=\"font-weight: 400;\" aria-level=\"1\"><span style=\"font-weight: 400;\">aufh\u00f6ren, in Ihrem Namen zu handeln; und<\/span><\/li>\n<li style=\"font-weight: 400;\" aria-level=\"1\"><span style=\"font-weight: 400;\">Dokumente und Unterlagen, die Ihnen geh\u00f6ren, einbehalten.\n<p><\/span><\/li>\n<\/ul>\n<p><span style=\"font-weight: 400;\"> Zum Zeitpunkt der Annahme Ihrer Anweisungen k\u00f6nnen wir Sie um eine erste Zahlung bitten. Wenn wir beauftragt werden, Geld f\u00fcr Sie zu verwahren, sei es auf Rechnung oder anderweitig, und sofern nicht ausdr\u00fccklich etwas anderes vereinbart wurde, k\u00f6nnen wir dieses Geld zur Zahlung oder Teilzahlung unserer ausstehenden Rechnungen an Sie verwenden. Wir werden Sie stets dar\u00fcber informieren, wenn dies der Fall ist.   <\/span><\/p>\n\t\t\t\t\t\t\t\t<\/div>\n\t\t\t\t<\/div>\n\t\t\t\t<div class=\"elementor-element elementor-element-9e96ac5 elementor-widget elementor-widget-text-editor\" data-id=\"9e96ac5\" data-element_type=\"widget\" data-e-type=\"widget\" data-widget_type=\"text-editor.default\">\n\t\t\t\t<div class=\"elementor-widget-container\">\n\t\t\t\t\t\t\t\t\t<p><strong><b>5. EINBEHALT ODER K\u00dcRZUNG F\u00dcR STEUERN UND BANKGEB\u00dcHREN:<\/b><\/strong><\/p>\n\t\t\t\t\t\t\t\t<\/div>\n\t\t\t\t<\/div>\n\t\t\t\t<div class=\"elementor-element elementor-element-89c854d elementor-widget elementor-widget-text-editor\" data-id=\"89c854d\" data-element_type=\"widget\" data-e-type=\"widget\" data-widget_type=\"text-editor.default\">\n\t\t\t\t<div class=\"elementor-widget-container\">\n\t\t\t\t\t\t\t\t\t<p><span style=\"font-weight: 400;\">Unsere Geb\u00fchren werden ohne Einbehalt oder Abzug von Steuern, Geb\u00fchren oder Bankgeb\u00fchren gezahlt. Wenn Sie gesetzlich verpflichtet sind, Steuern einzubehalten oder abzuziehen, oder wenn Bankgeb\u00fchren von Ihrer Zahlung abgezogen werden, wird der Betrag jeder Rechnung in dem Ma\u00dfe erh\u00f6ht, wie es erforderlich ist, um sicherzustellen, dass wir nach einem Einbehalt oder Abzug einen Nettobetrag in H\u00f6he des Rechnungsbetrags erhalten und behalten.  <\/span><\/p>\n\t\t\t\t\t\t\t\t<\/div>\n\t\t\t\t<\/div>\n\t\t\t\t<div class=\"elementor-element elementor-element-4e99e02 elementor-widget elementor-widget-text-editor\" data-id=\"4e99e02\" data-element_type=\"widget\" data-e-type=\"widget\" data-widget_type=\"text-editor.default\">\n\t\t\t\t<div class=\"elementor-widget-container\">\n\t\t\t\t\t\t\t\t\t<p><span style=\"font-weight: 400;\"> <\/span><b>6. INTERESSENKONFLIKTE UND VERTRAULICHE INFORMATIONEN:<\/b><\/p>\n\t\t\t\t\t\t\t\t<\/div>\n\t\t\t\t<\/div>\n\t\t\t\t<div class=\"elementor-element elementor-element-5e7ddbf elementor-widget elementor-widget-text-editor\" data-id=\"5e7ddbf\" data-element_type=\"widget\" data-e-type=\"widget\" data-widget_type=\"text-editor.default\">\n\t\t\t\t<div class=\"elementor-widget-container\">\n\t\t\t\t\t\t\t\t\t<p><span style=\"font-weight: 400;\">Vorbehaltlich geltender rechtlicher und beruflicher Beschr\u00e4nkungen wird Folgendes vereinbart:<\/span><\/p>\n<ul>\n<li aria-level=\"1\"><b>Vertretung von anderen Mandanten:<\/b><span style=\"font-weight: 400;\"> Wir werden keinen anderen Mandanten in einer Angelegenheit vertreten, in der wir Sie vertreten, es sei denn, wir haben Ihre ausdr\u00fcckliche Zustimmung. Sie erkl\u00e4ren sich jedoch damit einverstanden, dass wir andere Mandanten in separaten Angelegenheiten vertreten d\u00fcrfen, auch wenn ein Interessenkonflikt besteht oder bestehen k\u00f6nnte, es sei denn, wir halten dies f\u00fcr unangemessen. <\/span><\/li>\n<\/ul>\n<ul>\n<li aria-level=\"1\"><b>Beispiele f\u00fcr m\u00f6gliche Konflikte:<\/b> <span style=\"font-weight: 400;\">Ihre Interessen und die Interessen eines anderen Mandanten k\u00f6nnen unter verschiedenen Umst\u00e4nden miteinander kollidieren, unter anderem bei <\/span> <\/li>\n<\/ul>\n<ul>\n<li style=\"list-style-type: none;\">\n<ul>\n<li style=\"list-style-type: none;\">\n<ul>\n<li style=\"font-weight: 400;\" aria-level=\"2\"><span style=\"font-weight: 400;\">Gesch\u00e4ftstransaktionen, Unternehmensgr\u00fcndungen, Fusionen, <\/span><span style=\"font-weight: 400;\"><i>Joint Ventures,<\/i> <\/span><span style=\"font-weight: 400;\">Akquisitionen, Finanzierungen, Dienstleistungsvertr\u00e4ge, Insolvenz, Schutz von Rechten und Vertretung vor Regierungs- oder Aufsichtsbeh\u00f6rden.<\/span><\/li>\n<li style=\"font-weight: 400;\" aria-level=\"2\"><span style=\"font-weight: 400;\">Beilegung von Streitigkeiten, entweder gerichtlich oder au\u00dfergerichtlich.<\/span><\/li>\n<li style=\"font-weight: 400;\" aria-level=\"2\"><span style=\"font-weight: 400;\">Vertretung von Wettbewerbern: Sofern nicht ausdr\u00fccklich anders vereinbart, k\u00f6nnen wir Ihre Konkurrenten vertreten.<br \/><\/span><\/li>\n<\/ul>\n<\/li>\n<\/ul>\n<\/li>\n<\/ul>\n<ul>\n<li aria-level=\"1\"><b>Schweigepflicht:<\/b><span style=\"font-weight: 400;\"> Wir unterliegen einer strengen Schweigepflicht gegen\u00fcber all unseren Klienten. Dementsprechend und vorbehaltlich zwingender gesetzlicher Verpflichtungen:  <\/span><\/li>\n<\/ul>\n<ul>\n<li style=\"list-style-type: none;\">\n<ul>\n<li style=\"list-style-type: none;\">\n<ul>\n<li style=\"font-weight: 400;\" aria-level=\"2\"><span style=\"font-weight: 400;\">Wir wahren die Vertraulichkeit aller Informationen und Dokumente, die wir im Zuge Ihrer Vertretung erhalten, und geben sie ohne Ihre ausdr\u00fcckliche Zustimmung nicht an andere Mandanten weiter.<\/span><\/li>\n<li style=\"font-weight: 400;\" aria-level=\"2\"><span style=\"font-weight: 400;\">Wir sind nicht verpflichtet, vertrauliche Informationen, die anderen Mandanten geh\u00f6ren, an Sie weiterzugeben oder zu Ihrem Vorteil zu nutzen.<\/span><\/li>\n<li style=\"font-weight: 400;\" aria-level=\"2\"><span style=\"font-weight: 400;\">Der Besitz vertraulicher Informationen von Ihnen, die f\u00fcr eine Angelegenheit eines anderen Mandanten relevant sind, hindert uns nicht daran, diesen Mandanten zu vertreten und dabei Ma\u00dfnahmen zum Schutz der Vertraulichkeit zu ergreifen.<\/span><\/li>\n<\/ul>\n<\/li>\n<\/ul>\n<\/li>\n<\/ul>\n<ul>\n<li aria-level=\"1\"><b>Offenlegung der Beziehung zwischen Mandant und Firma:<\/b> <span style=\"font-weight: 400;\">Wir k\u00f6nnen Dritten oder anderen Mandanten gegen\u00fcber offenlegen, dass Sie unser Mandant sind.<\/span><\/li>\n<\/ul>\n<p data-pm-slice=\"1 1 []\">\n\t\t\t\t\t\t\t\t<\/div>\n\t\t\t\t<\/div>\n\t\t\t\t<div class=\"elementor-element elementor-element-a10ff0d elementor-widget elementor-widget-text-editor\" data-id=\"a10ff0d\" data-element_type=\"widget\" data-e-type=\"widget\" data-widget_type=\"text-editor.default\">\n\t\t\t\t<div class=\"elementor-widget-container\">\n\t\t\t\t\t\t\t\t\t<p><b>7. BEAUFTRAGUNG VON ANDEREN SACHVERST\u00c4NDIGEN UND ANW\u00c4LTEN IN ANDEREN RECHTSORDNUNGEN:<\/b><\/p>\n\t\t\t\t\t\t\t\t<\/div>\n\t\t\t\t<\/div>\n\t\t\t\t<div class=\"elementor-element elementor-element-2d3d16f elementor-widget elementor-widget-text-editor\" data-id=\"2d3d16f\" data-element_type=\"widget\" data-e-type=\"widget\" data-widget_type=\"text-editor.default\">\n\t\t\t\t<div class=\"elementor-widget-container\">\n\t\t\t\t\t\t\t\t\t<p><span style=\"font-weight: 400;\">Es kann erforderlich sein, externe Sachverst\u00e4ndige (Wirtschaftspr\u00fcfer, Berater, spezialisierte Rechtsanw\u00e4lte usw.) zu beauftragen. Wir werden dies zu gegebener Zeit mit Ihnen besprechen, einschlie\u00dflich der Eignung der Kandidaten und der damit verbundenen Kosten. F\u00fcr die Rechtsberatung im Ausland werden wir unsere Korrespondenzanw\u00e4lte heranziehen, es sei denn, Sie erteilen uns andere Anweisungen.  <\/span><\/p>\n\t\t\t\t\t\t\t\t<\/div>\n\t\t\t\t<\/div>\n\t\t\t\t<div class=\"elementor-element elementor-element-0ff2726 elementor-widget elementor-widget-text-editor\" data-id=\"0ff2726\" data-element_type=\"widget\" data-e-type=\"widget\" data-widget_type=\"text-editor.default\">\n\t\t\t\t<div class=\"elementor-widget-container\">\n\t\t\t\t\t\t\t\t\t<p><b>8. DOKUMENTE:<\/b><\/p>\n\t\t\t\t\t\t\t\t<\/div>\n\t\t\t\t<\/div>\n\t\t\t\t<div class=\"elementor-element elementor-element-a9973c0 elementor-widget elementor-widget-text-editor\" data-id=\"a9973c0\" data-element_type=\"widget\" data-e-type=\"widget\" data-widget_type=\"text-editor.default\">\n\t\t\t\t<div class=\"elementor-widget-container\">\n\t\t\t\t\t\t\t\t\t<p><b>Urheberrecht:<\/b><span style=\"font-weight: 400;\"> Die von uns erstellten Originalunterlagen sind urheberrechtlich gesch\u00fctzt. Mit dem gezahlten Honorar erhalten Sie das Recht, sie f\u00fcr die Zwecke, f\u00fcr die sie erstellt wurden, zu nutzen, nicht aber das Eigentum an den Urheberrechten, es sei denn, es wurde schriftlich etwas anderes vereinbart. <\/span><\/p>\n<p><b>Aufbewahrung von Unterlagen:<\/b><span style=\"font-weight: 400;\"> Wir bewahren Ihre Unterlagen f\u00fcnf Jahre lang nach Abschluss der Angelegenheit auf, sofern nichts anderes vereinbart wurde. Nach Ablauf dieses Zeitraums werden wir sie ohne Vorank\u00fcndigung vernichten. <\/span><\/p>\n\t\t\t\t\t\t\t\t<\/div>\n\t\t\t\t<\/div>\n\t\t\t\t<div class=\"elementor-element elementor-element-b485eff elementor-widget elementor-widget-text-editor\" data-id=\"b485eff\" data-element_type=\"widget\" data-e-type=\"widget\" data-widget_type=\"text-editor.default\">\n\t\t\t\t<div class=\"elementor-widget-container\">\n\t\t\t\t\t\t\t\t\t<p><b>9. ANWENDUNG UND \u00c4NDERUNG DIESER ALLGEMEINEN GESCH\u00c4FTSBEDINGUNGEN:<\/b><\/p>\n\t\t\t\t\t\t\t\t<\/div>\n\t\t\t\t<\/div>\n\t\t\t\t<div class=\"elementor-element elementor-element-538b0df elementor-widget elementor-widget-text-editor\" data-id=\"538b0df\" data-element_type=\"widget\" data-e-type=\"widget\" data-widget_type=\"text-editor.default\">\n\t\t\t\t<div class=\"elementor-widget-container\">\n\t\t\t\t\t\t\t\t\t<p><span style=\"font-weight: 400;\">Unsere Dienstleistungen werden durch dieses Dokument geregelt, das Teil unseres (m\u00fcndlichen oder schriftlichen) Vertrags ist und auf unserer Website sowie im Schriftverkehr verf\u00fcgbar ist. Wenn Sie mit einer Bestimmung nicht einverstanden sind, m\u00fcssen Sie uns dies innerhalb von 30 Tagen nach Beginn der Gesch\u00e4ftsbeziehung mitteilen. Diese Bedingungen haben Vorrang vor allen fr\u00fcheren Vereinbarungen.  <\/span><\/p>\n<\/p>\n<p><span style=\"font-weight: 400;\">Wir k\u00f6nnen diese Bedingungen und Konditionen \u00e4ndern. Wir werden Sie \u00fcber vorgeschlagene \u00c4nderungen direkt oder \u00fcber unsere Website informieren. Die \u00c4nderungen treten 30 Tage nach der Mitteilung in Kraft, es sei denn, wir erhalten innerhalb dieses Zeitraums schriftliche Einw\u00e4nde.  <\/span><\/p>\n\t\t\t\t\t\t\t\t<\/div>\n\t\t\t\t<\/div>\n\t\t\t\t<div class=\"elementor-element elementor-element-293ef93 elementor-widget elementor-widget-text-editor\" data-id=\"293ef93\" data-element_type=\"widget\" data-e-type=\"widget\" data-widget_type=\"text-editor.default\">\n\t\t\t\t<div class=\"elementor-widget-container\">\n\t\t\t\t\t\t\t\t\t<p><b>10. PROBLEML\u00d6SUNG UND STREITBEILEGUNG:<\/b><\/p>\n\t\t\t\t\t\t\t\t<\/div>\n\t\t\t\t<\/div>\n\t\t\t\t<div class=\"elementor-element elementor-element-ecfc5b1 elementor-widget elementor-widget-text-editor\" data-id=\"ecfc5b1\" data-element_type=\"widget\" data-e-type=\"widget\" data-widget_type=\"text-editor.default\">\n\t\t\t\t<div class=\"elementor-widget-container\">\n\t\t\t\t\t\t\t\t\t<p><span style=\"font-weight: 400;\">Wir freuen uns \u00fcber Ihre Fragen und Vorschl\u00e4ge. Wir werden uns bem\u00fchen, etwaige Differenzen mindestens 90 Tage lang g\u00fctlich beizulegen. Wenden Sie sich zu diesem Zweck an einen unserer Partner.  <\/span><\/p>\n<\/p>\n<p><span style=\"font-weight: 400;\">Diese Bedingungen unterliegen den Gesetzen der Republik Kolumbien und werden in \u00dcbereinstimmung mit diesen ausgelegt. Jegliche Anspr\u00fcche aufgrund von Fahrl\u00e4ssigkeit, Vertragsbruch oder \u00e4hnlichem werden den Gerichten der Republik Kolumbien vorgelegt. <\/span><\/p>\n<\/p>\n<p><span style=\"font-weight: 400;\">Unsere Haftung f\u00fcr berufsbedingte Sch\u00e4den ist auf 50 % der f\u00fcr die Dienstleistungen in dem Kalenderjahr, in dem sie erbracht wurden, tats\u00e4chlich gezahlten Honorare begrenzt, sofern der Anspruch aus einer schwerwiegenden Verletzung dieser Vereinbarung resultiert.<\/span><\/p>\n<\/p>\n<p><span style=\"font-weight: 400;\">Diese Bedingungen gelten automatisch f\u00fcr unsere berufliche Beziehung drei Monate nach dem Beginn der m\u00fcndlichen oder schriftlichen Dienstleistungsvereinbarung.<\/span><\/p>\n\t\t\t\t\t\t\t\t<\/div>\n\t\t\t\t<\/div>\n\t\t\t\t\t<\/div>\n\t\t\t\t<\/div>\n\t\t\t\t<\/div>\n\t\t","protected":false},"excerpt":{"rendered":"<p>Richtlinien f\u00fcr die Rekrutierung Allgemeine Bedingungen f\u00fcr unsere juristischen DienstleistungenCondiciones Generales para nuestros Servicios Legales Von Bila, de la Pava, Bertoletti SAS ist eine kolumbianische Anwaltskanzlei, die 1999 zun\u00e4chst als Gesellschaft mit beschr\u00e4nkter Haftung gegr\u00fcndet und sp\u00e4ter in eine Aktiengesellschaft umgewandelt wurde und ihren Hauptsitz in Bogot\u00e1, Kolumbien hat. Die Kanzlei, ihre Anw\u00e4lte und ihr [&hellip;]<\/p>\n","protected":false},"author":1,"featured_media":0,"parent":0,"menu_order":0,"comment_status":"closed","ping_status":"closed","template":"","meta":{"footnotes":""},"class_list":["post-3435","page","type-page","status-publish","hentry"],"_links":{"self":[{"href":"https:\/\/vonbilaw.com\/de\/wp-json\/wp\/v2\/pages\/3435","targetHints":{"allow":["GET"]}}],"collection":[{"href":"https:\/\/vonbilaw.com\/de\/wp-json\/wp\/v2\/pages"}],"about":[{"href":"https:\/\/vonbilaw.com\/de\/wp-json\/wp\/v2\/types\/page"}],"author":[{"embeddable":true,"href":"https:\/\/vonbilaw.com\/de\/wp-json\/wp\/v2\/users\/1"}],"replies":[{"embeddable":true,"href":"https:\/\/vonbilaw.com\/de\/wp-json\/wp\/v2\/comments?post=3435"}],"version-history":[{"count":1,"href":"https:\/\/vonbilaw.com\/de\/wp-json\/wp\/v2\/pages\/3435\/revisions"}],"predecessor-version":[{"id":3436,"href":"https:\/\/vonbilaw.com\/de\/wp-json\/wp\/v2\/pages\/3435\/revisions\/3436"}],"wp:attachment":[{"href":"https:\/\/vonbilaw.com\/de\/wp-json\/wp\/v2\/media?parent=3435"}],"curies":[{"name":"wp","href":"https:\/\/api.w.org\/{rel}","templated":true}]}}