{"id":2247,"date":"2024-11-21T14:37:10","date_gmt":"2024-11-21T19:37:10","guid":{"rendered":"https:\/\/vonbilaw.com\/datenschutzbestimmungen\/"},"modified":"2025-01-28T11:16:24","modified_gmt":"2025-01-28T16:16:24","slug":"datenschutzbestimmungen","status":"publish","type":"page","link":"https:\/\/vonbilaw.com\/de\/datenschutzbestimmungen\/","title":{"rendered":"Datenschutzbestimmungen"},"content":{"rendered":"\t\t<div data-elementor-type=\"wp-page\" data-elementor-id=\"2247\" class=\"elementor elementor-2247 elementor-3\" data-elementor-post-type=\"page\">\n\t\t\t\t<div class=\"elementor-element elementor-element-1c8bede7 e-flex e-con-boxed e-con e-parent\" data-id=\"1c8bede7\" data-element_type=\"container\" data-e-type=\"container\" data-settings=\"{&quot;background_background&quot;:&quot;classic&quot;}\">\n\t\t\t\t\t<div class=\"e-con-inner\">\n\t\t<div class=\"elementor-element elementor-element-2533427 e-con-full e-flex e-con e-child\" data-id=\"2533427\" data-element_type=\"container\" data-e-type=\"container\">\n\t\t\t\t<div class=\"elementor-element elementor-element-129dde85 elementor-widget__width-initial elementor-widget-divider--view-line elementor-widget elementor-widget-divider\" data-id=\"129dde85\" data-element_type=\"widget\" data-e-type=\"widget\" data-widget_type=\"divider.default\">\n\t\t\t\t<div class=\"elementor-widget-container\">\n\t\t\t\t\t\t\t<div class=\"elementor-divider\">\n\t\t\t<span class=\"elementor-divider-separator\">\n\t\t\t\t\t\t<\/span>\n\t\t<\/div>\n\t\t\t\t\t\t<\/div>\n\t\t\t\t<\/div>\n\t\t\t\t<div class=\"elementor-element elementor-element-35ebb00c elementor-widget elementor-widget-text-editor\" data-id=\"35ebb00c\" data-element_type=\"widget\" data-e-type=\"widget\" data-widget_type=\"text-editor.default\">\n\t\t\t\t<div class=\"elementor-widget-container\">\n\t\t\t\t\t\t\t\t\t<p>Datenschutzbestimmungen<\/p>\n\t\t\t\t\t\t\t\t<\/div>\n\t\t\t\t<\/div>\n\t\t\t\t<\/div>\n\t\t\t\t\t<\/div>\n\t\t\t\t<\/div>\n\t\t<div class=\"elementor-element elementor-element-3efd4ad6 e-flex e-con-boxed e-con e-parent\" data-id=\"3efd4ad6\" data-element_type=\"container\" data-e-type=\"container\">\n\t\t\t\t\t<div class=\"e-con-inner\">\n\t\t\t\t<div class=\"elementor-element elementor-element-37b2e019 elementor-widget elementor-widget-text-editor\" data-id=\"37b2e019\" data-element_type=\"widget\" data-e-type=\"widget\" data-widget_type=\"text-editor.default\">\n\t\t\t\t<div class=\"elementor-widget-container\">\n\t\t\t\t\t\t\t\t\t\n<p>Bei Von Bila, de la Pava &amp; Bertoletti sch\u00e4tzen und respektieren wir Ihre Privatsph\u00e4re. Diese Richtlinien erl\u00e4utern, wie wir die pers\u00f6nlichen Daten, die Sie uns \u00fcber unsere Website<a>(https:\/\/vonbilaw.com)<\/a> und im Rahmen unserer beruflichen T\u00e4tigkeit zur Verf\u00fcgung stellen, erfassen, verwenden und sch\u00fctzen. <\/p>\n\t\t\t\t\t\t\t\t<\/div>\n\t\t\t\t<\/div>\n\t\t\t\t<div class=\"elementor-element elementor-element-28227f6 elementor-widget elementor-widget-text-editor\" data-id=\"28227f6\" data-element_type=\"widget\" data-e-type=\"widget\" data-widget_type=\"text-editor.default\">\n\t\t\t\t<div class=\"elementor-widget-container\">\n\t\t\t\t\t\t\t\t\t<p><strong>Erfassung pers\u00f6nlicher Informationen<\/strong><\/p>\n\t\t\t\t\t\t\t\t<\/div>\n\t\t\t\t<\/div>\n\t\t\t\t<div class=\"elementor-element elementor-element-e9ecd95 elementor-widget elementor-widget-text-editor\" data-id=\"e9ecd95\" data-element_type=\"widget\" data-e-type=\"widget\" data-widget_type=\"text-editor.default\">\n\t\t\t\t<div class=\"elementor-widget-container\">\n\t\t\t\t\t\t\t\t\t\n<p>Wir sammeln pers\u00f6nliche Daten, die Sie uns freiwillig zur Verf\u00fcgung stellen, wenn:<\/p>\n<ul data-spread=\"false\">\n<li>\n<p>Ausf\u00fcllen der Kontaktformulare.<\/p>\n<\/li>\n<li>\n<p>Abonnieren Sie den Newsletter.<\/p>\n<\/li>\n<li>\n<p>Fordern Sie unsere juristischen Dienstleistungen an.<\/p>\n<\/li>\n<li>\n<p>Interagieren Sie mit unseren Online-Inhalten.<\/p>\n<\/li>\n<\/ul>\n<p>Diese Informationen k\u00f6nnen Ihren Namen, Ihre E-Mail-Adresse, Ihre Telefonnummer und andere Informationen umfassen, die f\u00fcr die Beantwortung Ihrer Anfragen oder die Erbringung unserer Dienstleistungen relevant sind.<\/p>\n\t\t\t\t\t\t\t\t<\/div>\n\t\t\t\t<\/div>\n\t\t\t\t<div class=\"elementor-element elementor-element-8b683c3 elementor-widget elementor-widget-text-editor\" data-id=\"8b683c3\" data-element_type=\"widget\" data-e-type=\"widget\" data-widget_type=\"text-editor.default\">\n\t\t\t\t<div class=\"elementor-widget-container\">\n\t\t\t\t\t\t\t\t\t<p><strong>2. Verwendung von Informationen<\/strong><\/p>\n\t\t\t\t\t\t\t\t<\/div>\n\t\t\t\t<\/div>\n\t\t\t\t<div class=\"elementor-element elementor-element-c21ae1d elementor-widget elementor-widget-text-editor\" data-id=\"c21ae1d\" data-element_type=\"widget\" data-e-type=\"widget\" data-widget_type=\"text-editor.default\">\n\t\t\t\t<div class=\"elementor-widget-container\">\n\t\t\t\t\t\t\t\t\t\n<p data-pm-slice=\"1 1 []\">Die gesammelten Informationen werden verwendet, um:<\/p>\n<ul data-spread=\"false\">\n<li>\n<p>Erbringung von Rechtsdienstleistungen.<\/p>\n<\/li>\n<li>\n<p>Beantworten Sie Ihre Anfragen.<\/p>\n<\/li>\n<li>\n<p>Senden Sie uns relevante Informationen \u00fcber unsere T\u00e4tigkeitsbereiche.<\/p>\n<\/li>\n<li>\n<p>Zur Verbesserung unserer Dienstleistungen und des Inhalts unserer Website.<\/p>\n<\/li>\n<\/ul>\n<p>Wir geben Ihre pers\u00f6nlichen Daten nicht an Dritte weiter, es sei denn, dies ist erforderlich, um unseren gesetzlichen Verpflichtungen nachzukommen oder um Dienstleistungen in Ihrem Auftrag zu erbringen.<\/p>\n\t\t\t\t\t\t\t\t<\/div>\n\t\t\t\t<\/div>\n\t\t\t\t<div class=\"elementor-element elementor-element-7e3896f elementor-widget elementor-widget-text-editor\" data-id=\"7e3896f\" data-element_type=\"widget\" data-e-type=\"widget\" data-widget_type=\"text-editor.default\">\n\t\t\t\t<div class=\"elementor-widget-container\">\n\t\t\t\t\t\t\t\t\t<p><strong>3. Schutz von Informationen<\/strong><\/p>\n\t\t\t\t\t\t\t\t<\/div>\n\t\t\t\t<\/div>\n\t\t\t\t<div class=\"elementor-element elementor-element-d8f9bbe elementor-widget elementor-widget-text-editor\" data-id=\"d8f9bbe\" data-element_type=\"widget\" data-e-type=\"widget\" data-widget_type=\"text-editor.default\">\n\t\t\t\t<div class=\"elementor-widget-container\">\n\t\t\t\t\t\t\t\t\t\n<p data-pm-slice=\"1 1 []\">Wir setzen technische und administrative Sicherheitsma\u00dfnahmen ein, um Ihre pers\u00f6nlichen Daten vor unbefugtem Zugriff, Verlust, Ver\u00e4nderung oder Offenlegung zu sch\u00fctzen.<\/p>\n\t\t\t\t\t\t\t\t<\/div>\n\t\t\t\t<\/div>\n\t\t\t\t<div class=\"elementor-element elementor-element-8b93bf2 elementor-widget elementor-widget-text-editor\" data-id=\"8b93bf2\" data-element_type=\"widget\" data-e-type=\"widget\" data-widget_type=\"text-editor.default\">\n\t\t\t\t<div class=\"elementor-widget-container\">\n\t\t\t\t\t\t\t\t\t<p><strong>4. Verwendung von Cookies<\/strong><\/p>\n\t\t\t\t\t\t\t\t<\/div>\n\t\t\t\t<\/div>\n\t\t\t\t<div class=\"elementor-element elementor-element-fc6e9b1 elementor-widget elementor-widget-text-editor\" data-id=\"fc6e9b1\" data-element_type=\"widget\" data-e-type=\"widget\" data-widget_type=\"text-editor.default\">\n\t\t\t\t<div class=\"elementor-widget-container\">\n\t\t\t\t\t\t\t\t\t\n<p data-pm-slice=\"1 1 []\">Unsere Website verwendet Cookies, um die Benutzerfreundlichkeit zu verbessern und den Webverkehr zu analysieren. Sie k\u00f6nnen Ihre Browsereinstellungen so anpassen, dass Cookies deaktiviert werden, obwohl dies die Funktionalit\u00e4t der Website beeintr\u00e4chtigen kann. <\/p>\n\t\t\t\t\t\t\t\t<\/div>\n\t\t\t\t<\/div>\n\t\t\t\t<div class=\"elementor-element elementor-element-9e96ac5 elementor-widget elementor-widget-text-editor\" data-id=\"9e96ac5\" data-element_type=\"widget\" data-e-type=\"widget\" data-widget_type=\"text-editor.default\">\n\t\t\t\t<div class=\"elementor-widget-container\">\n\t\t\t\t\t\t\t\t\t<p><strong>5. Benutzerrechte<\/strong><\/p>\n\t\t\t\t\t\t\t\t<\/div>\n\t\t\t\t<\/div>\n\t\t\t\t<div class=\"elementor-element elementor-element-89c854d elementor-widget elementor-widget-text-editor\" data-id=\"89c854d\" data-element_type=\"widget\" data-e-type=\"widget\" data-widget_type=\"text-editor.default\">\n\t\t\t\t<div class=\"elementor-widget-container\">\n\t\t\t\t\t\t\t\t\t\n<p data-pm-slice=\"1 3 []\">Sie haben das Recht dazu:<\/p>\n<ul data-spread=\"false\">\n<li>\n<p>Zugriff auf Ihre pers\u00f6nlichen Daten.<\/p>\n<\/li>\n<li>\n<p>die Berichtigung oder L\u00f6schung Ihrer Daten zu verlangen.<\/p>\n<\/li>\n<li>\n<p>die Verarbeitung Ihrer Daten einzuschr\u00e4nken oder ihr zu widersprechen.<\/p>\n<\/li>\n<\/ul>\n\t\t\t\t\t\t\t\t<\/div>\n\t\t\t\t<\/div>\n\t\t\t\t<div class=\"elementor-element elementor-element-4e99e02 elementor-widget elementor-widget-text-editor\" data-id=\"4e99e02\" data-element_type=\"widget\" data-e-type=\"widget\" data-widget_type=\"text-editor.default\">\n\t\t\t\t<div class=\"elementor-widget-container\">\n\t\t\t\t\t\t\t\t\t<p><strong>6. Links zu Drittparteien<\/strong><\/p>\n\t\t\t\t\t\t\t\t<\/div>\n\t\t\t\t<\/div>\n\t\t\t\t<div class=\"elementor-element elementor-element-5e7ddbf elementor-widget elementor-widget-text-editor\" data-id=\"5e7ddbf\" data-element_type=\"widget\" data-e-type=\"widget\" data-widget_type=\"text-editor.default\">\n\t\t\t\t<div class=\"elementor-widget-container\">\n\t\t\t\t\t\t\t\t\t\n<p data-pm-slice=\"1 1 []\">Unsere Website kann Links zu Websites von Dritten enthalten. Wir sind nicht verantwortlich f\u00fcr die Datenschutzpraktiken oder den Inhalt dieser Websites. Wir empfehlen Ihnen, deren Datenschutzrichtlinien zu lesen, bevor Sie ihnen pers\u00f6nliche Daten zur Verf\u00fcgung stellen.  <\/p>\n\t\t\t\t\t\t\t\t<\/div>\n\t\t\t\t<\/div>\n\t\t\t\t<div class=\"elementor-element elementor-element-a10ff0d elementor-widget elementor-widget-text-editor\" data-id=\"a10ff0d\" data-element_type=\"widget\" data-e-type=\"widget\" data-widget_type=\"text-editor.default\">\n\t\t\t\t<div class=\"elementor-widget-container\">\n\t\t\t\t\t\t\t\t\t<p><strong>7. Aktualisierungen der Datenschutzbestimmungen<\/strong><\/p>\n\t\t\t\t\t\t\t\t<\/div>\n\t\t\t\t<\/div>\n\t\t\t\t<div class=\"elementor-element elementor-element-2d3d16f elementor-widget elementor-widget-text-editor\" data-id=\"2d3d16f\" data-element_type=\"widget\" data-e-type=\"widget\" data-widget_type=\"text-editor.default\">\n\t\t\t\t<div class=\"elementor-widget-container\">\n\t\t\t\t\t\t\t\t\t\n<p data-pm-slice=\"1 1 []\">Diese Richtlinien k\u00f6nnen in regelm\u00e4\u00dfigen Abst\u00e4nden aktualisiert werden, um \u00c4nderungen unserer Praktiken oder des geltenden Rechts zu ber\u00fccksichtigen. Wir werden jede Aktualisierung auf dieser Seite ver\u00f6ffentlichen und das Datum der letzten \u00c4nderung angeben. <\/p>\n<p>Datum der letzten Aktualisierung: <strong>15\/01\/2025<\/strong><\/p>\n\t\t\t\t\t\t\t\t<\/div>\n\t\t\t\t<\/div>\n\t\t\t\t<div class=\"elementor-element elementor-element-0ff2726 elementor-widget elementor-widget-text-editor\" data-id=\"0ff2726\" data-element_type=\"widget\" data-e-type=\"widget\" data-widget_type=\"text-editor.default\">\n\t\t\t\t<div class=\"elementor-widget-container\">\n\t\t\t\t\t\t\t\t\t<p><strong>8. Kontakt<\/strong><\/p>\n\t\t\t\t\t\t\t\t<\/div>\n\t\t\t\t<\/div>\n\t\t\t\t<div class=\"elementor-element elementor-element-a9973c0 elementor-widget elementor-widget-text-editor\" data-id=\"a9973c0\" data-element_type=\"widget\" data-e-type=\"widget\" data-widget_type=\"text-editor.default\">\n\t\t\t\t<div class=\"elementor-widget-container\">\n\t\t\t\t\t\t\t\t\t\n<p data-pm-slice=\"1 1 []\">Wenn Sie Fragen oder Bedenken zu unseren Datenschutzrichtlinien haben, k\u00f6nnen Sie uns kontaktieren:<\/p>\n<p><br><br><br>V<strong>on Bila, de la Pava &amp; Bertoletti<\/strong> Calle 113 # 7 &#8211; 21, Oficina 906 Bogot\u00e1 D.C., Kolumbien Telefon: +57 (1) 629 1904<\/p>\n\t\t\t\t\t\t\t\t<\/div>\n\t\t\t\t<\/div>\n\t\t\t\t\t<\/div>\n\t\t\t\t<\/div>\n\t\t\t\t<\/div>\n\t\t","protected":false},"excerpt":{"rendered":"<p>Datenschutzbestimmungen Bei Von Bila, de la Pava &amp; Bertoletti sch\u00e4tzen und respektieren wir Ihre Privatsph\u00e4re. Diese Richtlinien erl\u00e4utern, wie wir die pers\u00f6nlichen Daten, die Sie uns \u00fcber unsere Website(https:\/\/vonbilaw.com) und im Rahmen unserer beruflichen T\u00e4tigkeit zur Verf\u00fcgung stellen, erfassen, verwenden und sch\u00fctzen. Erfassung pers\u00f6nlicher Informationen Wir sammeln pers\u00f6nliche Daten, die Sie uns freiwillig zur Verf\u00fcgung [&hellip;]<\/p>\n","protected":false},"author":1,"featured_media":0,"parent":0,"menu_order":0,"comment_status":"closed","ping_status":"closed","template":"","meta":{"footnotes":""},"class_list":["post-2247","page","type-page","status-publish","hentry"],"_links":{"self":[{"href":"https:\/\/vonbilaw.com\/de\/wp-json\/wp\/v2\/pages\/2247","targetHints":{"allow":["GET"]}}],"collection":[{"href":"https:\/\/vonbilaw.com\/de\/wp-json\/wp\/v2\/pages"}],"about":[{"href":"https:\/\/vonbilaw.com\/de\/wp-json\/wp\/v2\/types\/page"}],"author":[{"embeddable":true,"href":"https:\/\/vonbilaw.com\/de\/wp-json\/wp\/v2\/users\/1"}],"replies":[{"embeddable":true,"href":"https:\/\/vonbilaw.com\/de\/wp-json\/wp\/v2\/comments?post=2247"}],"version-history":[{"count":1,"href":"https:\/\/vonbilaw.com\/de\/wp-json\/wp\/v2\/pages\/2247\/revisions"}],"predecessor-version":[{"id":2248,"href":"https:\/\/vonbilaw.com\/de\/wp-json\/wp\/v2\/pages\/2247\/revisions\/2248"}],"wp:attachment":[{"href":"https:\/\/vonbilaw.com\/de\/wp-json\/wp\/v2\/media?parent=2247"}],"curies":[{"name":"wp","href":"https:\/\/api.w.org\/{rel}","templated":true}]}}