{"id":1428,"date":"2024-12-23T17:31:00","date_gmt":"2024-12-23T22:31:00","guid":{"rendered":"https:\/\/vonbilaw.com\/verwaltungsrecht\/"},"modified":"2025-01-15T10:22:38","modified_gmt":"2025-01-15T15:22:38","slug":"verwaltungsrecht","status":"publish","type":"page","link":"https:\/\/vonbilaw.com\/de\/verwaltungsrecht\/","title":{"rendered":"Verwaltungsrecht"},"content":{"rendered":"\t\t<div data-elementor-type=\"wp-page\" data-elementor-id=\"1428\" class=\"elementor elementor-1428 elementor-726\" data-elementor-post-type=\"page\">\n\t\t\t\t<div class=\"elementor-element elementor-element-6751f71 e-con-full e-flex e-con e-parent\" data-id=\"6751f71\" data-element_type=\"container\" data-e-type=\"container\">\n\t\t\t\t<div class=\"elementor-element elementor-element-f00db7a elementor-widget elementor-widget-template\" data-id=\"f00db7a\" data-element_type=\"widget\" data-e-type=\"widget\" data-widget_type=\"template.default\">\n\t\t\t\t<div class=\"elementor-widget-container\">\n\t\t\t\t\t\t\t<div class=\"elementor-template\">\n\t\t\t\t\t<div data-elementor-type=\"container\" data-elementor-id=\"1273\" class=\"elementor elementor-1273 elementor-962\" data-elementor-post-type=\"elementor_library\">\n\t\t\t\t<div class=\"elementor-element elementor-element-546ed0e4 e-flex e-con-boxed e-con e-parent\" data-id=\"546ed0e4\" data-element_type=\"container\" data-e-type=\"container\" data-settings=\"{&quot;background_background&quot;:&quot;classic&quot;}\">\n\t\t\t\t\t<div class=\"e-con-inner\">\n\t\t<div class=\"elementor-element elementor-element-659480be e-con-full e-flex e-con e-child\" data-id=\"659480be\" data-element_type=\"container\" data-e-type=\"container\">\n\t\t\t\t<div class=\"elementor-element elementor-element-6c6d4d4c elementor-widget__width-initial elementor-widget-divider--view-line elementor-widget elementor-widget-divider\" data-id=\"6c6d4d4c\" data-element_type=\"widget\" data-e-type=\"widget\" data-widget_type=\"divider.default\">\n\t\t\t\t<div class=\"elementor-widget-container\">\n\t\t\t\t\t\t\t<div class=\"elementor-divider\">\n\t\t\t<span class=\"elementor-divider-separator\">\n\t\t\t\t\t\t<\/span>\n\t\t<\/div>\n\t\t\t\t\t\t<\/div>\n\t\t\t\t<\/div>\n\t\t\t\t<div class=\"elementor-element elementor-element-47c55cc9 elementor-widget elementor-widget-text-editor\" data-id=\"47c55cc9\" data-element_type=\"widget\" data-e-type=\"widget\" data-widget_type=\"text-editor.default\">\n\t\t\t\t<div class=\"elementor-widget-container\">\n\t\t\t\t\t\t\t\t\t<p>Bereiche der Praxis<\/p>\n\t\t\t\t\t\t\t\t<\/div>\n\t\t\t\t<\/div>\n\t\t\t\t<\/div>\n\t\t\t\t\t<\/div>\n\t\t\t\t<\/div>\n\t\t\t\t<\/div>\n\t\t\t\t<\/div>\n\t\t\t\t\t\t<\/div>\n\t\t\t\t<\/div>\n\t\t\t\t<\/div>\n\t\t<div class=\"elementor-element elementor-element-8848727 e-flex e-con-boxed e-con e-parent\" data-id=\"8848727\" data-element_type=\"container\" data-e-type=\"container\">\n\t\t\t\t\t<div class=\"e-con-inner\">\n\t\t<div class=\"elementor-element elementor-element-719eed6 e-con-full content-menu-areas e-flex e-con e-child\" data-id=\"719eed6\" data-element_type=\"container\" data-e-type=\"container\" data-settings=\"{&quot;sticky&quot;:&quot;top&quot;,&quot;sticky_offset&quot;:120,&quot;sticky_on&quot;:[&quot;desktop&quot;],&quot;sticky_parent&quot;:&quot;yes&quot;,&quot;sticky_effects_offset&quot;:0,&quot;sticky_anchor_link_offset&quot;:0}\">\n\t\t\t\t<div class=\"elementor-element elementor-element-5410063 areas-de-practica elementor-widget elementor-widget-ld_custom_menu\" data-id=\"5410063\" data-element_type=\"widget\" data-e-type=\"widget\" data-widget_type=\"ld_custom_menu.default\">\n\t\t\t\t<div class=\"elementor-widget-container\">\n\t\t\t\t\t\n\t\t\t<div\t\t\t\tclass=\"lqd-fancy-menu lqd-custom-menu pos-rel menu-items-has-fill menu-items-has-border lqd-menu-td-none\"\n\t\t\t\t\t\t\t>\n\t\t\t\n\t\t\t\t\t\t<ul id=\"lqd-custom-menu-5410063\" class=\"reset-ul   \" itemtype=\"http:\/\/schema.org\/SiteNavigationElement\" itemscope=\"itemscope\"><li id=\"menu-item-2361\" class=\"menu-item menu-item-type-post_type menu-item-object-page menu-item-2361\"><a href=\"https:\/\/vonbilaw.com\/de\/gesellschafts-und-handelsrecht\/\">Gesellschafts- und Handelsrecht &#8211; Vertr\u00e4ge<\/a><\/li>\n<li id=\"menu-item-2362\" class=\"menu-item menu-item-type-post_type menu-item-object-page menu-item-2362\"><a href=\"https:\/\/vonbilaw.com\/de\/arbeitsrecht\/\">Arbeitsrecht<\/a><\/li>\n<li id=\"menu-item-2363\" class=\"menu-item menu-item-type-post_type menu-item-object-page menu-item-2363\"><a href=\"https:\/\/vonbilaw.com\/de\/steuerrecht\/\">Steuerrecht<\/a><\/li>\n<li id=\"menu-item-2364\" class=\"menu-item menu-item-type-post_type menu-item-object-page menu-item-2364\"><a href=\"https:\/\/vonbilaw.com\/de\/geistiges-eigentum\/\">Recht des geistigen Eigentums<\/a><\/li>\n<li id=\"menu-item-2365\" class=\"menu-item menu-item-type-post_type menu-item-object-page menu-item-2365\"><a href=\"https:\/\/vonbilaw.com\/de\/immobilienrecht\/\">Immobilienrecht<\/a><\/li>\n<li id=\"menu-item-2366\" class=\"menu-item menu-item-type-post_type menu-item-object-page menu-item-2366\"><a href=\"https:\/\/vonbilaw.com\/de\/zivilrecht\/\">Zivilrecht<\/a><\/li>\n<li id=\"menu-item-2367\" class=\"menu-item menu-item-type-post_type menu-item-object-page menu-item-2367\"><a href=\"https:\/\/vonbilaw.com\/de\/verwaltungsrecht\/\">Verwaltungsrecht<\/a><\/li>\n<li id=\"menu-item-2368\" class=\"menu-item menu-item-type-post_type menu-item-object-page menu-item-2368\"><a href=\"https:\/\/vonbilaw.com\/de\/rechtsstreitigkeiten\/\">Rechtsstreitigkeiten<\/a><\/li>\n<li id=\"menu-item-2369\" class=\"menu-item menu-item-type-post_type menu-item-object-page menu-item-2369\"><a href=\"https:\/\/vonbilaw.com\/de\/wettbewerbs-und-verbraucherrecht\/\">Wettbewerbs- und Verbraucherrecht<\/a><\/li>\n<\/ul>\t\t\t\t\t\t\t\t\t<\/div>\n\t\t\t\t\t\t<\/div>\n\t\t\t\t<\/div>\n\t\t\t\t<\/div>\n\t\t<div class=\"elementor-element elementor-element-00d2458 e-con-full e-flex e-con e-child\" data-id=\"00d2458\" data-element_type=\"container\" data-e-type=\"container\">\n\t\t<div class=\"elementor-element elementor-element-810cb0d e-con-full e-flex e-con e-child\" data-id=\"810cb0d\" data-element_type=\"container\" data-e-type=\"container\">\n\t\t\t\t<div class=\"elementor-element elementor-element-a6efd64 elementor-widget__width-inherit before-tab elementor-widget-tablet__width-initial elementor-widget-mobile__width-initial elementor-widget elementor-widget-text-editor\" data-id=\"a6efd64\" data-element_type=\"widget\" data-e-type=\"widget\" data-widget_type=\"text-editor.default\">\n\t\t\t\t<div class=\"elementor-widget-container\">\n\t\t\t\t\t\t\t\t\t<p>Verwaltungsrecht<\/p>\n\t\t\t\t\t\t\t\t<\/div>\n\t\t\t\t<\/div>\n\t\t\t\t<div class=\"elementor-element elementor-element-d52e537 elementor-widget elementor-widget-image\" data-id=\"d52e537\" data-element_type=\"widget\" data-e-type=\"widget\" data-widget_type=\"image.default\">\n\t\t\t\t<div class=\"elementor-widget-container\">\n\t\t\t\t\t\t\t\t\t\t\t\t\t\t\t<img fetchpriority=\"high\" decoding=\"async\" width=\"780\" height=\"398\" src=\"https:\/\/vonbilaw.com\/wp-content\/uploads\/2024\/12\/Derecho-Administrativo.jpg\" class=\"attachment-large size-large wp-image-1166\" alt=\"\" srcset=\"https:\/\/vonbilaw.com\/wp-content\/uploads\/2024\/12\/Derecho-Administrativo.jpg 928w, https:\/\/vonbilaw.com\/wp-content\/uploads\/2024\/12\/Derecho-Administrativo-300x153.jpg 300w\" sizes=\"(max-width: 780px) 100vw, 780px\" \/>\t\t\t\t\t\t\t\t\t\t\t\t\t\t\t<\/div>\n\t\t\t\t<\/div>\n\t\t\t\t<div class=\"elementor-element elementor-element-cee9190 elementor-widget elementor-widget-text-editor\" data-id=\"cee9190\" data-element_type=\"widget\" data-e-type=\"widget\" data-widget_type=\"text-editor.default\">\n\t\t\t\t<div class=\"elementor-widget-container\">\n\t\t\t\t\t\t\t\t\t<p>Wir beraten Sie zu allen Aspekten des Verwaltungsrechts und geben Ihnen die Gewissheit, dass Ihr Umgang mit staatlichen Stellen in den besten H\u00e4nden ist.<\/p>\n\t\t\t\t\t\t\t\t<\/div>\n\t\t\t\t<\/div>\n\t\t\t\t<div class=\"elementor-element elementor-element-84e9653 elementor-widget elementor-widget-text-editor\" data-id=\"84e9653\" data-element_type=\"widget\" data-e-type=\"widget\" data-widget_type=\"text-editor.default\">\n\t\t\t\t<div class=\"elementor-widget-container\">\n\t\t\t\t\t\t\t\t\t<p>Unsere Erfahrung erm\u00f6glicht es Ihnen, alle Verwaltungsvorschriften einzuhalten und Strafen zu vermeiden.<br \/>\nWir bieten Ihnen pers\u00f6nliche und proaktive Beratung, damit Sie sich auf Ihr Gesch\u00e4ft konzentrieren k\u00f6nnen. <\/p>\n<\/p>\n<p>Wir vertreten unsere Mandanten in verwaltungsrechtlichen Verfahren und bei der Beilegung von Streitigkeiten mit Beh\u00f6rden und sorgen daf\u00fcr, dass ihre Rechte gewahrt werden.<br \/>\nDank unserer fundierten Kenntnisse des rechtlichen Rahmens k\u00f6nnen wir in diesem Bereich effiziente und effektive L\u00f6sungen anbieten, einschlie\u00dflich Vertragsabschl\u00fcssen mit staatlichen Stellen, \u00f6ffentlichen und privaten Ausschreibungen und Klagen gegen den Staat. <\/p>\n\t\t\t\t\t\t\t\t<\/div>\n\t\t\t\t<\/div>\n\t\t\t\t<div class=\"elementor-element elementor-element-c61e711 elementor-mobile-align-center elementor-widget elementor-widget-global elementor-global-2210 elementor-global-2201 elementor-widget-ld_button\" data-id=\"c61e711\" data-element_type=\"widget\" data-e-type=\"widget\" data-widget_type=\"ld_button.default\">\n\t\t\t\t<div class=\"elementor-widget-container\">\n\t\t\t\t\t\n\t\t\t<a\n\t\t\t\thref=\"https:\/\/vonbilaw.com\/contacto\/\"class=\"elementor-button btn btn-solid btn-icon-right btn-hover-swp btn-has-label\"\t\t\t>\n\t\t\t\t\t\t\t\t\t<span data-text=\"Kontaktieren Sie uns jetzt\" class=\"btn-txt\">\n\t\t\t\t\t\tKontaktieren Sie uns jetzt\t\t\t\t\t<\/span>\n\t\t\t\t\t\t\t\t\t\t\t\t\t\t<span class=\"btn-icon\">\n\t\t\t\t\t\t\t<i aria-hidden=\"true\" class=\"lqd-icn-ess icon-md-arrow-forward\"><\/i>\t\t\t\t\t\t<\/span>\n\t\t\t\t\t\t\t\t\t\t\t\t<span class=\"btn-icon\">\n\t\t\t\t\t\t\t<i aria-hidden=\"true\" class=\"lqd-icn-ess icon-md-arrow-forward\"><\/i>\t\t\t\t\t\t<\/span>\n\t\t\t\t\t\t\t\t\t<\/a>\n\t\t\t\t\t\t\t<\/div>\n\t\t\t\t<\/div>\n\t\t\t\t<\/div>\n\t\t\t\t<\/div>\n\t\t\t\t\t<\/div>\n\t\t\t\t<\/div>\n\t\t<div class=\"elementor-element elementor-element-0225c12 e-flex e-con-boxed e-con e-parent\" data-id=\"0225c12\" data-element_type=\"container\" data-e-type=\"container\">\n\t\t\t\t\t<div class=\"e-con-inner\">\n\t\t\t\t\t<\/div>\n\t\t\t\t<\/div>\n\t\t\t\t<\/div>\n\t\t","protected":false},"excerpt":{"rendered":"<p>Derecho societario y comercial Derecho Laboral Derecho Tributario Propiedad Intelectual Derecho Inmobiliario Derecho Civil Derecho Administrativo Litigio Derecho de Competencia y Consumo Verwaltungsrecht Wir beraten Sie zu allen Aspekten des Verwaltungsrechts und geben Ihnen die Gewissheit, dass Ihr Umgang mit staatlichen Stellen in den besten H\u00e4nden ist. Unsere Erfahrung erm\u00f6glicht es Ihnen, alle Verwaltungsvorschriften einzuhalten [&hellip;]<\/p>\n","protected":false},"author":2,"featured_media":0,"parent":0,"menu_order":0,"comment_status":"closed","ping_status":"closed","template":"","meta":{"footnotes":""},"class_list":["post-1428","page","type-page","status-publish","hentry"],"_links":{"self":[{"href":"https:\/\/vonbilaw.com\/de\/wp-json\/wp\/v2\/pages\/1428","targetHints":{"allow":["GET"]}}],"collection":[{"href":"https:\/\/vonbilaw.com\/de\/wp-json\/wp\/v2\/pages"}],"about":[{"href":"https:\/\/vonbilaw.com\/de\/wp-json\/wp\/v2\/types\/page"}],"author":[{"embeddable":true,"href":"https:\/\/vonbilaw.com\/de\/wp-json\/wp\/v2\/users\/2"}],"replies":[{"embeddable":true,"href":"https:\/\/vonbilaw.com\/de\/wp-json\/wp\/v2\/comments?post=1428"}],"version-history":[{"count":3,"href":"https:\/\/vonbilaw.com\/de\/wp-json\/wp\/v2\/pages\/1428\/revisions"}],"predecessor-version":[{"id":2308,"href":"https:\/\/vonbilaw.com\/de\/wp-json\/wp\/v2\/pages\/1428\/revisions\/2308"}],"wp:attachment":[{"href":"https:\/\/vonbilaw.com\/de\/wp-json\/wp\/v2\/media?parent=1428"}],"curies":[{"name":"wp","href":"https:\/\/api.w.org\/{rel}","templated":true}]}}