{"id":1409,"date":"2024-12-23T17:34:20","date_gmt":"2024-12-23T22:34:20","guid":{"rendered":"https:\/\/vonbilaw.com\/wettbewerbs-und-verbraucherrecht\/"},"modified":"2025-01-16T09:36:37","modified_gmt":"2025-01-16T14:36:37","slug":"wettbewerbs-und-verbraucherrecht","status":"publish","type":"page","link":"https:\/\/vonbilaw.com\/de\/wettbewerbs-und-verbraucherrecht\/","title":{"rendered":"Wettbewerbs- und Verbraucherrecht"},"content":{"rendered":"\t\t<div data-elementor-type=\"wp-page\" data-elementor-id=\"1409\" class=\"elementor elementor-1409 elementor-859\" data-elementor-post-type=\"page\">\n\t\t\t\t<div class=\"elementor-element elementor-element-1893d20 e-con-full e-flex e-con e-parent\" data-id=\"1893d20\" data-element_type=\"container\" data-e-type=\"container\">\n\t\t\t\t<div class=\"elementor-element elementor-element-9eaa2ba elementor-widget elementor-widget-template\" data-id=\"9eaa2ba\" data-element_type=\"widget\" data-e-type=\"widget\" data-widget_type=\"template.default\">\n\t\t\t\t<div class=\"elementor-widget-container\">\n\t\t\t\t\t\t\t<div class=\"elementor-template\">\n\t\t\t\t\t<div data-elementor-type=\"container\" data-elementor-id=\"1273\" class=\"elementor elementor-1273 elementor-962\" data-elementor-post-type=\"elementor_library\">\n\t\t\t\t<div class=\"elementor-element elementor-element-546ed0e4 e-flex e-con-boxed e-con e-parent\" data-id=\"546ed0e4\" data-element_type=\"container\" data-e-type=\"container\" data-settings=\"{&quot;background_background&quot;:&quot;classic&quot;}\">\n\t\t\t\t\t<div class=\"e-con-inner\">\n\t\t<div class=\"elementor-element elementor-element-659480be e-con-full e-flex e-con e-child\" data-id=\"659480be\" data-element_type=\"container\" data-e-type=\"container\">\n\t\t\t\t<div class=\"elementor-element elementor-element-6c6d4d4c elementor-widget__width-initial elementor-widget-divider--view-line elementor-widget elementor-widget-divider\" data-id=\"6c6d4d4c\" data-element_type=\"widget\" data-e-type=\"widget\" data-widget_type=\"divider.default\">\n\t\t\t\t<div class=\"elementor-widget-container\">\n\t\t\t\t\t\t\t<div class=\"elementor-divider\">\n\t\t\t<span class=\"elementor-divider-separator\">\n\t\t\t\t\t\t<\/span>\n\t\t<\/div>\n\t\t\t\t\t\t<\/div>\n\t\t\t\t<\/div>\n\t\t\t\t<div class=\"elementor-element elementor-element-47c55cc9 elementor-widget elementor-widget-text-editor\" data-id=\"47c55cc9\" data-element_type=\"widget\" data-e-type=\"widget\" data-widget_type=\"text-editor.default\">\n\t\t\t\t<div class=\"elementor-widget-container\">\n\t\t\t\t\t\t\t\t\t<p>Bereiche der Praxis<\/p>\n\t\t\t\t\t\t\t\t<\/div>\n\t\t\t\t<\/div>\n\t\t\t\t<\/div>\n\t\t\t\t\t<\/div>\n\t\t\t\t<\/div>\n\t\t\t\t<\/div>\n\t\t\t\t<\/div>\n\t\t\t\t\t\t<\/div>\n\t\t\t\t<\/div>\n\t\t\t\t<\/div>\n\t\t<div class=\"elementor-element elementor-element-8848727 e-flex e-con-boxed e-con e-parent\" data-id=\"8848727\" data-element_type=\"container\" data-e-type=\"container\">\n\t\t\t\t\t<div class=\"e-con-inner\">\n\t\t<div class=\"elementor-element elementor-element-719eed6 e-con-full content-menu-areas e-flex e-con e-child\" data-id=\"719eed6\" data-element_type=\"container\" data-e-type=\"container\" data-settings=\"{&quot;sticky&quot;:&quot;top&quot;,&quot;sticky_offset&quot;:120,&quot;sticky_on&quot;:[&quot;desktop&quot;],&quot;sticky_parent&quot;:&quot;yes&quot;,&quot;sticky_effects_offset&quot;:0,&quot;sticky_anchor_link_offset&quot;:0}\">\n\t\t\t\t<div class=\"elementor-element elementor-element-5410063 areas-de-practica elementor-widget elementor-widget-ld_custom_menu\" data-id=\"5410063\" data-element_type=\"widget\" data-e-type=\"widget\" data-widget_type=\"ld_custom_menu.default\">\n\t\t\t\t<div class=\"elementor-widget-container\">\n\t\t\t\t\t\n\t\t\t<div\t\t\t\tclass=\"lqd-fancy-menu lqd-custom-menu pos-rel menu-items-has-fill menu-items-has-border lqd-menu-td-none\"\n\t\t\t\t\t\t\t>\n\t\t\t\n\t\t\t\t\t\t<ul id=\"lqd-custom-menu-5410063\" class=\"reset-ul   \" itemtype=\"http:\/\/schema.org\/SiteNavigationElement\" itemscope=\"itemscope\"><li id=\"menu-item-2361\" class=\"menu-item menu-item-type-post_type menu-item-object-page menu-item-2361\"><a href=\"https:\/\/vonbilaw.com\/de\/gesellschafts-und-handelsrecht\/\">Gesellschafts- und Handelsrecht &#8211; Vertr\u00e4ge<\/a><\/li>\n<li id=\"menu-item-2362\" class=\"menu-item menu-item-type-post_type menu-item-object-page menu-item-2362\"><a href=\"https:\/\/vonbilaw.com\/de\/arbeitsrecht\/\">Arbeitsrecht<\/a><\/li>\n<li id=\"menu-item-2363\" class=\"menu-item menu-item-type-post_type menu-item-object-page menu-item-2363\"><a href=\"https:\/\/vonbilaw.com\/de\/steuerrecht\/\">Steuerrecht<\/a><\/li>\n<li id=\"menu-item-2364\" class=\"menu-item menu-item-type-post_type menu-item-object-page menu-item-2364\"><a href=\"https:\/\/vonbilaw.com\/de\/geistiges-eigentum\/\">Recht des geistigen Eigentums<\/a><\/li>\n<li id=\"menu-item-2365\" class=\"menu-item menu-item-type-post_type menu-item-object-page menu-item-2365\"><a href=\"https:\/\/vonbilaw.com\/de\/immobilienrecht\/\">Immobilienrecht<\/a><\/li>\n<li id=\"menu-item-2366\" class=\"menu-item menu-item-type-post_type menu-item-object-page menu-item-2366\"><a href=\"https:\/\/vonbilaw.com\/de\/zivilrecht\/\">Zivilrecht<\/a><\/li>\n<li id=\"menu-item-2367\" class=\"menu-item menu-item-type-post_type menu-item-object-page menu-item-2367\"><a href=\"https:\/\/vonbilaw.com\/de\/verwaltungsrecht\/\">Verwaltungsrecht<\/a><\/li>\n<li id=\"menu-item-2368\" class=\"menu-item menu-item-type-post_type menu-item-object-page menu-item-2368\"><a href=\"https:\/\/vonbilaw.com\/de\/rechtsstreitigkeiten\/\">Rechtsstreitigkeiten<\/a><\/li>\n<li id=\"menu-item-2369\" class=\"menu-item menu-item-type-post_type menu-item-object-page menu-item-2369\"><a href=\"https:\/\/vonbilaw.com\/de\/wettbewerbs-und-verbraucherrecht\/\">Wettbewerbs- und Verbraucherrecht<\/a><\/li>\n<\/ul>\t\t\t\t\t\t\t\t\t<\/div>\n\t\t\t\t\t\t<\/div>\n\t\t\t\t<\/div>\n\t\t\t\t<\/div>\n\t\t<div class=\"elementor-element elementor-element-00d2458 e-con-full e-flex e-con e-child\" data-id=\"00d2458\" data-element_type=\"container\" data-e-type=\"container\">\n\t\t<div class=\"elementor-element elementor-element-136e6f0 e-con-full e-flex e-con e-child\" data-id=\"136e6f0\" data-element_type=\"container\" data-e-type=\"container\">\n\t\t\t\t<div class=\"elementor-element elementor-element-d34d577 elementor-widget__width-inherit before-tab elementor-widget-tablet__width-initial elementor-widget-mobile__width-initial elementor-widget elementor-widget-text-editor\" data-id=\"d34d577\" data-element_type=\"widget\" data-e-type=\"widget\" data-widget_type=\"text-editor.default\">\n\t\t\t\t<div class=\"elementor-widget-container\">\n\t\t\t\t\t\t\t\t\t<p>Wettbewerbs- und Verbraucherrecht<\/p>\n\t\t\t\t\t\t\t\t<\/div>\n\t\t\t\t<\/div>\n\t\t\t\t<div class=\"elementor-element elementor-element-d63ca22 elementor-widget elementor-widget-image\" data-id=\"d63ca22\" data-element_type=\"widget\" data-e-type=\"widget\" data-widget_type=\"image.default\">\n\t\t\t\t<div class=\"elementor-widget-container\">\n\t\t\t\t\t\t\t\t\t\t\t\t\t\t\t<img fetchpriority=\"high\" decoding=\"async\" width=\"780\" height=\"398\" src=\"https:\/\/vonbilaw.com\/wp-content\/uploads\/2024\/12\/Derecho-de-Competencia-y-Consumo.jpg\" class=\"attachment-large size-large wp-image-1170\" alt=\"\" srcset=\"https:\/\/vonbilaw.com\/wp-content\/uploads\/2024\/12\/Derecho-de-Competencia-y-Consumo.jpg 928w, https:\/\/vonbilaw.com\/wp-content\/uploads\/2024\/12\/Derecho-de-Competencia-y-Consumo-300x153.jpg 300w\" sizes=\"(max-width: 780px) 100vw, 780px\" \/>\t\t\t\t\t\t\t\t\t\t\t\t\t\t\t<\/div>\n\t\t\t\t<\/div>\n\t\t\t\t<div class=\"elementor-element elementor-element-a280ab4 elementor-widget elementor-widget-text-editor\" data-id=\"a280ab4\" data-element_type=\"widget\" data-e-type=\"widget\" data-widget_type=\"text-editor.default\">\n\t\t\t\t<div class=\"elementor-widget-container\">\n\t\t\t\t\t\t\t\t\t<p>Antizipieren von Wettbewerbsrisiken.<\/p>\n\t\t\t\t\t\t\t\t<\/div>\n\t\t\t\t<\/div>\n\t\t\t\t<div class=\"elementor-element elementor-element-927085c elementor-widget elementor-widget-text-editor\" data-id=\"927085c\" data-element_type=\"widget\" data-e-type=\"widget\" data-widget_type=\"text-editor.default\">\n\t\t\t\t<div class=\"elementor-widget-container\">\n\t\t\t\t\t\t\t\t\t<p>VON BILA DE LA PAVA Y BERTOLETTI bietet Ihnen eine proaktive Beratung, damit Sie die mit unlauterem Wettbewerb und wettbewerbsbeschr\u00e4nkenden Praktiken verbundenen Risiken erkennen und mindern und sich gegen Dumping und Subventionen wehren k\u00f6nnen.<\/p>\n<\/p>\n<p>Wir helfen Ihnen bei der Entwicklung von Gesch\u00e4ftsstrategien, die alle Vorschriften einhalten und Sie vor m\u00f6glichen Sanktionen sch\u00fctzen. Wir helfen bei der \u00dcberpr\u00fcfung von Handelsvertr\u00e4gen, Fusionen und \u00dcbernahmen sowie bei der Verteidigung vor den Wettbewerbsbeh\u00f6rden, bei gesundheitspolizeilichen Registrierungen vor INVIMA und anderen notwendigen Verfahren vor den zust\u00e4ndigen Beh\u00f6rden.<\/p>\n<\/p>\n<p>Dar\u00fcber hinaus vertreten wir unsere Kunden in Verbraucherschutzverfahren und stellen sicher, dass ihre Produkte und Dienstleistungen den gesetzlichen und qualitativen Standards entsprechen.<\/p>\n\t\t\t\t\t\t\t\t<\/div>\n\t\t\t\t<\/div>\n\t\t\t\t<div class=\"elementor-element elementor-element-28a3dbf elementor-mobile-align-center elementor-widget elementor-widget-global elementor-global-2210 elementor-global-2201 elementor-widget-ld_button\" data-id=\"28a3dbf\" data-element_type=\"widget\" data-e-type=\"widget\" data-widget_type=\"ld_button.default\">\n\t\t\t\t<div class=\"elementor-widget-container\">\n\t\t\t\t\t\n\t\t\t<a\n\t\t\t\thref=\"https:\/\/vonbilaw.com\/contacto\/\"class=\"elementor-button btn btn-solid btn-icon-right btn-hover-swp btn-has-label\"\t\t\t>\n\t\t\t\t\t\t\t\t\t<span data-text=\"Kontaktieren Sie uns jetzt\" class=\"btn-txt\">\n\t\t\t\t\t\tKontaktieren Sie uns jetzt\t\t\t\t\t<\/span>\n\t\t\t\t\t\t\t\t\t\t\t\t\t\t<span class=\"btn-icon\">\n\t\t\t\t\t\t\t<i aria-hidden=\"true\" class=\"lqd-icn-ess icon-md-arrow-forward\"><\/i>\t\t\t\t\t\t<\/span>\n\t\t\t\t\t\t\t\t\t\t\t\t<span class=\"btn-icon\">\n\t\t\t\t\t\t\t<i aria-hidden=\"true\" class=\"lqd-icn-ess icon-md-arrow-forward\"><\/i>\t\t\t\t\t\t<\/span>\n\t\t\t\t\t\t\t\t\t<\/a>\n\t\t\t\t\t\t\t<\/div>\n\t\t\t\t<\/div>\n\t\t\t\t<\/div>\n\t\t\t\t<\/div>\n\t\t\t\t\t<\/div>\n\t\t\t\t<\/div>\n\t\t<div class=\"elementor-element elementor-element-939a09e e-flex e-con-boxed e-con e-parent\" data-id=\"939a09e\" data-element_type=\"container\" data-e-type=\"container\">\n\t\t\t\t\t<div class=\"e-con-inner\">\n\t\t\t\t\t<\/div>\n\t\t\t\t<\/div>\n\t\t\t\t<\/div>\n\t\t","protected":false},"excerpt":{"rendered":"<p>Derecho societario y comercial Derecho Laboral Derecho Tributario Propiedad Intelectual Derecho Inmobiliario Derecho Civil Derecho Administrativo Litigio Derecho de Competencia y Consumo Wettbewerbs- und Verbraucherrecht Antizipieren von Wettbewerbsrisiken. VON BILA DE LA PAVA Y BERTOLETTI bietet Ihnen eine proaktive Beratung, damit Sie die mit unlauterem Wettbewerb und wettbewerbsbeschr\u00e4nkenden Praktiken verbundenen Risiken erkennen und mindern und [&hellip;]<\/p>\n","protected":false},"author":2,"featured_media":0,"parent":0,"menu_order":0,"comment_status":"closed","ping_status":"closed","template":"","meta":{"footnotes":""},"class_list":["post-1409","page","type-page","status-publish","hentry"],"_links":{"self":[{"href":"https:\/\/vonbilaw.com\/de\/wp-json\/wp\/v2\/pages\/1409","targetHints":{"allow":["GET"]}}],"collection":[{"href":"https:\/\/vonbilaw.com\/de\/wp-json\/wp\/v2\/pages"}],"about":[{"href":"https:\/\/vonbilaw.com\/de\/wp-json\/wp\/v2\/types\/page"}],"author":[{"embeddable":true,"href":"https:\/\/vonbilaw.com\/de\/wp-json\/wp\/v2\/users\/2"}],"replies":[{"embeddable":true,"href":"https:\/\/vonbilaw.com\/de\/wp-json\/wp\/v2\/comments?post=1409"}],"version-history":[{"count":8,"href":"https:\/\/vonbilaw.com\/de\/wp-json\/wp\/v2\/pages\/1409\/revisions"}],"predecessor-version":[{"id":2704,"href":"https:\/\/vonbilaw.com\/de\/wp-json\/wp\/v2\/pages\/1409\/revisions\/2704"}],"wp:attachment":[{"href":"https:\/\/vonbilaw.com\/de\/wp-json\/wp\/v2\/media?parent=1409"}],"curies":[{"name":"wp","href":"https:\/\/api.w.org\/{rel}","templated":true}]}}