{"id":1222,"date":"2024-12-19T00:03:24","date_gmt":"2024-12-19T05:03:24","guid":{"rendered":"https:\/\/vonbilaw.com\/die-firma\/"},"modified":"2025-02-17T12:15:06","modified_gmt":"2025-02-17T17:15:06","slug":"die-firma","status":"publish","type":"page","link":"https:\/\/vonbilaw.com\/de\/die-firma\/","title":{"rendered":"Die Kanzlei"},"content":{"rendered":"\t\t<div data-elementor-type=\"wp-page\" data-elementor-id=\"1222\" class=\"elementor elementor-1222 elementor-242\" data-elementor-post-type=\"page\">\n\t\t\t\t<div class=\"elementor-element elementor-element-144ff8b e-flex e-con-boxed e-con e-parent\" data-id=\"144ff8b\" data-element_type=\"container\" data-e-type=\"container\" data-settings=\"{&quot;background_background&quot;:&quot;classic&quot;}\">\n\t\t\t\t\t<div class=\"e-con-inner\">\n\t\t<div class=\"elementor-element elementor-element-d3eee34 e-con-full e-flex e-con e-child\" data-id=\"d3eee34\" data-element_type=\"container\" data-e-type=\"container\">\n\t\t\t\t<div class=\"elementor-element elementor-element-5cdd6c5 elementor-widget__width-initial elementor-widget-divider--view-line elementor-widget elementor-widget-divider\" data-id=\"5cdd6c5\" data-element_type=\"widget\" data-e-type=\"widget\" data-widget_type=\"divider.default\">\n\t\t\t\t<div class=\"elementor-widget-container\">\n\t\t\t\t\t\t\t<div class=\"elementor-divider\">\n\t\t\t<span class=\"elementor-divider-separator\">\n\t\t\t\t\t\t<\/span>\n\t\t<\/div>\n\t\t\t\t\t\t<\/div>\n\t\t\t\t<\/div>\n\t\t\t\t<div class=\"elementor-element elementor-element-718f63f elementor-widget elementor-widget-text-editor\" data-id=\"718f63f\" data-element_type=\"widget\" data-e-type=\"widget\" data-widget_type=\"text-editor.default\">\n\t\t\t\t<div class=\"elementor-widget-container\">\n\t\t\t\t\t\t\t\t\t<p>Kanzlei<\/p>\n\t\t\t\t\t\t\t\t<\/div>\n\t\t\t\t<\/div>\n\t\t\t\t<\/div>\n\t\t\t\t\t<\/div>\n\t\t\t\t<\/div>\n\t\t<div class=\"elementor-element elementor-element-498bcd0 e-flex e-con-boxed e-con e-parent\" data-id=\"498bcd0\" data-element_type=\"container\" data-e-type=\"container\">\n\t\t\t\t\t<div class=\"e-con-inner\">\n\t\t\t\t<div class=\"elementor-element elementor-element-c167365 elementor-widget elementor-widget-text-editor\" data-id=\"c167365\" data-element_type=\"widget\" data-e-type=\"widget\" data-widget_type=\"text-editor.default\">\n\t\t\t\t<div class=\"elementor-widget-container\">\n\t\t\t\t\t\t\t\t\t<p>Von Bila, de la Pava &amp; Bertoletti<\/p>\n\t\t\t\t\t\t\t\t<\/div>\n\t\t\t\t<\/div>\n\t\t\t\t<div class=\"elementor-element elementor-element-4bec1e6 elementor-widget elementor-widget-text-editor\" data-id=\"4bec1e6\" data-element_type=\"widget\" data-e-type=\"widget\" data-widget_type=\"text-editor.default\">\n\t\t\t\t<div class=\"elementor-widget-container\">\n\t\t\t\t\t\t\t\t\t<p>ist eine internationale Boutique-Kanzlei mit solider Erfahrung in Lateinamerika und Europa. Zus\u00e4tzlich zu unserem weltweiten Korrespondentennetz begleitet unser mehrsprachiges Team Sie bei der Expansion Ihres Unternehmens und der Strukturierung internationaler Handelstransaktionen und bietet einen umfassenden und pers\u00f6nlichen Rechtsservice von der Gr\u00fcndung von Unternehmen bis zur Beilegung von Streitigkeiten und dem Schutz Ihres geistigen Eigentums. Mit B\u00fcros in Bogot\u00e1, Medell\u00edn, Barranquilla und Hamburg bieten wir umfassende und pers\u00f6nliche Rechtsberatung f\u00fcr lokale und ausl\u00e4ndische Mandanten.<\/p>\n\t\t\t\t\t\t\t\t<\/div>\n\t\t\t\t<\/div>\n\t\t\t\t<div class=\"elementor-element elementor-element-799251c elementor-widget elementor-widget-text-editor\" data-id=\"799251c\" data-element_type=\"widget\" data-e-type=\"widget\" data-widget_type=\"text-editor.default\">\n\t\t\t\t<div class=\"elementor-widget-container\">\n\t\t\t\t\t\t\t\t\t<p>Wir sind Experten f\u00fcr die Gr\u00fcndung von Unternehmen in Kolumbien und f\u00fcr die Strukturierung internationaler Gesch\u00e4ftstransaktionen, wobei wir die Einhaltung lokaler und globaler. Vorschriften sicherstellen. Wir verf\u00fcgen \u00fcber weitreichende Erfahrung mit umfassenden Rechtsdienstleistungen in den Bereichen Handels-, Gesellschafts-, Zivil-, Steuer-, B\u00f6rsen-, Verwaltungs-, Arbeits- und Umweltrecht sowie geistiges Eigentum und Rechtsstreitigkeiten, um Ihre Interessen zu sch\u00fctzen.<\/p>\n\t\t\t\t\t\t\t\t<\/div>\n\t\t\t\t<\/div>\n\t\t\t\t\t<\/div>\n\t\t\t\t<\/div>\n\t\t\t\t<\/div>\n\t\t","protected":false},"excerpt":{"rendered":"<p>Kanzlei Von Bila, de la Pava &amp; Bertoletti ist eine internationale Boutique-Kanzlei mit solider Erfahrung in Lateinamerika und Europa. Zus\u00e4tzlich zu unserem weltweiten Korrespondentennetz begleitet unser mehrsprachiges Team Sie bei der Expansion Ihres Unternehmens und der Strukturierung internationaler Handelstransaktionen und bietet einen umfassenden und pers\u00f6nlichen Rechtsservice von der Gr\u00fcndung von Unternehmen bis zur Beilegung von [&hellip;]<\/p>\n","protected":false},"author":2,"featured_media":0,"parent":0,"menu_order":0,"comment_status":"closed","ping_status":"closed","template":"","meta":{"footnotes":""},"class_list":["post-1222","page","type-page","status-publish","hentry"],"_links":{"self":[{"href":"https:\/\/vonbilaw.com\/de\/wp-json\/wp\/v2\/pages\/1222","targetHints":{"allow":["GET"]}}],"collection":[{"href":"https:\/\/vonbilaw.com\/de\/wp-json\/wp\/v2\/pages"}],"about":[{"href":"https:\/\/vonbilaw.com\/de\/wp-json\/wp\/v2\/types\/page"}],"author":[{"embeddable":true,"href":"https:\/\/vonbilaw.com\/de\/wp-json\/wp\/v2\/users\/2"}],"replies":[{"embeddable":true,"href":"https:\/\/vonbilaw.com\/de\/wp-json\/wp\/v2\/comments?post=1222"}],"version-history":[{"count":9,"href":"https:\/\/vonbilaw.com\/de\/wp-json\/wp\/v2\/pages\/1222\/revisions"}],"predecessor-version":[{"id":3506,"href":"https:\/\/vonbilaw.com\/de\/wp-json\/wp\/v2\/pages\/1222\/revisions\/3506"}],"wp:attachment":[{"href":"https:\/\/vonbilaw.com\/de\/wp-json\/wp\/v2\/media?parent=1222"}],"curies":[{"name":"wp","href":"https:\/\/api.w.org\/{rel}","templated":true}]}}